{"id":3214,"date":"2022-01-24T15:08:23","date_gmt":"2022-01-24T13:08:23","guid":{"rendered":"http:\/\/lefketurizm.org\/photo-gallery\/eu-project-photos\/"},"modified":"2022-01-24T15:08:23","modified_gmt":"2022-01-24T13:08:23","slug":"eu-project-photos","status":"publish","type":"page","link":"https:\/\/lefketurizm.org\/en\/gallery\/photo-gallery\/eu-project-photos\/","title":{"rendered":"EU Project Photos"},"content":{"rendered":"<div class=\"wpb-content-wrapper\"><p>[vc_row wrap_container=&#8221;yes&#8221; el_class=&#8221;our-offices&#8221;][vc_column width=&#8221;1\/2&#8243; animation_delay=&#8221;200&#8243; animation_type=&#8221;fadeInLeft&#8221;]<div class=\"porto-ibanner interactive-banner-wrap-b03fd8f36802783cfbd3f36e6c79b475\" style=\"background:#212529;\"><style scope=\"scope\">.interactive-banner-wrap-b03fd8f36802783cfbd3f36e6c79b475 .porto-ibanner-img{opacity:0.2;}<\/style><img loading=\"lazy\" decoding=\"async\" alt=\"\" width=\"1000\" height=\"563\" class=\"porto-ibanner-img\" src=\"https:\/\/lefketurizm.org\/wp-content\/uploads\/2021\/05\/4-Lefke-gezisi-16.02.2020-e1622135730809.png\"><div class=\"porto-ibanner-desc\"><h2 class=\"porto-ibanner-title\" style=\"font-size: 20.4px;\">Lefke Gezisi <br \/> 16.02.2020<\/h2><div class=\"porto-ibanner-content\" style=\"color:#212529;\">[vc_column_text]<a class=\"btn btn-md btn-modern btn-default btn-rounded\" title=\"\" href=\"https:\/\/lefketurizm.org\/en\/lefka-excursion-10-11-2019\/\">Galeriyi G\u00f6r\u00fcnt\u00fcle<i class=\"fas fa-arrow-right\"><\/i><\/a>[\/vc_column_text]<\/div><\/div><a aria-label=\"Banner & Featured Image\" class=\"porto-ibanner-link\" href=\"http:\/\/lefketurizm.org\/galeri\/fotograf-galerisi\/ab-proje-fotograflari\/lefke-gezisi-16-02-2020\/\"  title='Lefke Gezisi \u2013 10.11.2019' ><\/a><\/div>[\/vc_column][vc_column width=&#8221;1\/2&#8243;]<div class=\"porto-ibanner interactive-banner-wrap-b03fd8f36802783cfbd3f36e6c79b475\" style=\"background:#212529;\"><style scope=\"scope\">.interactive-banner-wrap-b03fd8f36802783cfbd3f36e6c79b475 .porto-ibanner-img{opacity:0.2;}<\/style><img loading=\"lazy\" decoding=\"async\" alt=\"\" width=\"1000\" height=\"563\" class=\"porto-ibanner-img\" src=\"https:\/\/lefketurizm.org\/wp-content\/uploads\/2021\/05\/3-Lefke-gezisi-19.01.2020-e1622135794560.png\"><div class=\"porto-ibanner-desc\"><h2 class=\"porto-ibanner-title\" style=\"font-size: 20.4px;\">Lefke Gezisi<br \/>19.01.2020<\/h2><div class=\"porto-ibanner-content\" style=\"color:#212529;\">[vc_column_text]<a class=\"btn btn-md btn-modern btn-default btn-rounded\" title=\"\" href=\"https:\/\/lefketurizm.org\/en\/lefke-excursion-19-01-2020\/\">Galeriyi G\u00f6r\u00fcnt\u00fcle<i class=\"fas fa-arrow-right\"><\/i><\/a>[\/vc_column_text]<\/div><\/div><a aria-label=\"Banner & Featured Image\" class=\"porto-ibanner-link\" href=\"http:\/\/lefketurizm.org\/galeri\/fotograf-galerisi\/ab-proje-fotograflari\/lefke-gezisi-19-01-2020\/\"  title='Lefke Gezisi \u2013 10.11.2019' ><\/a><\/div>[\/vc_column][\/vc_row][vc_row wrap_container=&#8221;yes&#8221; el_class=&#8221;our-offices&#8221;][vc_column width=&#8221;1\/2&#8243; animation_delay=&#8221;200&#8243; animation_type=&#8221;fadeInLeft&#8221;]<div class=\"porto-ibanner interactive-banner-wrap-b03fd8f36802783cfbd3f36e6c79b475\" style=\"background:#212529;\"><style scope=\"scope\">.interactive-banner-wrap-b03fd8f36802783cfbd3f36e6c79b475 .porto-ibanner-img{opacity:0.2;}<\/style><img loading=\"lazy\" decoding=\"async\" alt=\"\" width=\"2560\" height=\"1708\" class=\"porto-ibanner-img\" src=\"https:\/\/lefketurizm.org\/wp-content\/uploads\/2021\/05\/2-Platres-gezisi-08.12.2019-scaled.jpg\" srcset=\"https:\/\/lefketurizm.org\/wp-content\/uploads\/2021\/05\/2-Platres-gezisi-08.12.2019-scaled.jpg 2560w, https:\/\/lefketurizm.org\/wp-content\/uploads\/2021\/05\/2-Platres-gezisi-08.12.2019-1024x683.jpg 1024w, https:\/\/lefketurizm.org\/wp-content\/uploads\/2021\/05\/2-Platres-gezisi-08.12.2019-768x512.jpg 768w, https:\/\/lefketurizm.org\/wp-content\/uploads\/2021\/05\/2-Platres-gezisi-08.12.2019-1536x1025.jpg 1536w, https:\/\/lefketurizm.org\/wp-content\/uploads\/2021\/05\/2-Platres-gezisi-08.12.2019-2048x1366.jpg 2048w, https:\/\/lefketurizm.org\/wp-content\/uploads\/2021\/05\/2-Platres-gezisi-08.12.2019-640x427.jpg 640w, https:\/\/lefketurizm.org\/wp-content\/uploads\/2021\/05\/2-Platres-gezisi-08.12.2019-400x267.jpg 400w, https:\/\/lefketurizm.org\/wp-content\/uploads\/2021\/05\/2-Platres-gezisi-08.12.2019-367x245.jpg 367w\" sizes=\"auto, (max-width: 2560px) 100vw, 2560px\"><div class=\"porto-ibanner-desc\"><h2 class=\"porto-ibanner-title\" style=\"font-size: 20.4px;\">Platres Gezisi<br \/>08.12.2019<\/h2><div class=\"porto-ibanner-content\" style=\"color:#212529;\">[vc_column_text]<a class=\"btn btn-md btn-modern btn-default btn-rounded\" title=\"\" href=\"https:\/\/lefketurizm.org\/en\/lefka-excursion-10-11-2019\/\">Galeriyi G\u00f6r\u00fcnt\u00fcle<i class=\"fas fa-arrow-right\"><\/i><\/a>[\/vc_column_text]<\/div><\/div><a aria-label=\"Banner & Featured Image\" class=\"porto-ibanner-link\" href=\"http:\/\/lefketurizm.org\/galeri\/fotograf-galerisi\/ab-proje-fotograflari\/platres-gezisi-08-12-2019\/\"  title='Lefke Gezisi \u2013 10.11.2019' ><\/a><\/div>[\/vc_column][vc_column width=&#8221;1\/2&#8243;]<div class=\"porto-ibanner interactive-banner-wrap-b03fd8f36802783cfbd3f36e6c79b475\" style=\"background:#212529;\"><style scope=\"scope\">.interactive-banner-wrap-b03fd8f36802783cfbd3f36e6c79b475 .porto-ibanner-img{opacity:0.2;}<\/style><img loading=\"lazy\" decoding=\"async\" alt=\"\" width=\"2560\" height=\"1707\" class=\"porto-ibanner-img\" src=\"https:\/\/lefketurizm.org\/wp-content\/uploads\/2021\/05\/1-Lefke-gezisi-10.11.2019-scaled.jpg\" srcset=\"https:\/\/lefketurizm.org\/wp-content\/uploads\/2021\/05\/1-Lefke-gezisi-10.11.2019-scaled.jpg 2560w, https:\/\/lefketurizm.org\/wp-content\/uploads\/2021\/05\/1-Lefke-gezisi-10.11.2019-1024x683.jpg 1024w, https:\/\/lefketurizm.org\/wp-content\/uploads\/2021\/05\/1-Lefke-gezisi-10.11.2019-768x512.jpg 768w, https:\/\/lefketurizm.org\/wp-content\/uploads\/2021\/05\/1-Lefke-gezisi-10.11.2019-1536x1024.jpg 1536w, https:\/\/lefketurizm.org\/wp-content\/uploads\/2021\/05\/1-Lefke-gezisi-10.11.2019-2048x1365.jpg 2048w, https:\/\/lefketurizm.org\/wp-content\/uploads\/2021\/05\/1-Lefke-gezisi-10.11.2019-640x427.jpg 640w, https:\/\/lefketurizm.org\/wp-content\/uploads\/2021\/05\/1-Lefke-gezisi-10.11.2019-400x267.jpg 400w, https:\/\/lefketurizm.org\/wp-content\/uploads\/2021\/05\/1-Lefke-gezisi-10.11.2019-367x245.jpg 367w\" sizes=\"auto, (max-width: 2560px) 100vw, 2560px\"><div class=\"porto-ibanner-desc\"><h2 class=\"porto-ibanner-title\" style=\"font-size: 20.4px;\">Lefke Gezisi<br \/> 10.11.2019<\/h2><div class=\"porto-ibanner-content\" style=\"color:#212529;\">[vc_column_text]<a class=\"btn btn-md btn-modern btn-default btn-rounded\" title=\"\" href=\"https:\/\/lefketurizm.org\/en\/lefka-excursion-10-11-2019\/\">Galeriyi G\u00f6r\u00fcnt\u00fcle<i class=\"fas fa-arrow-right\"><\/i><\/a>[\/vc_column_text]<\/div><\/div><a aria-label=\"Banner & Featured Image\" class=\"porto-ibanner-link\" href=\"http:\/\/lefketurizm.org\/galeri\/fotograf-galerisi\/ab-proje-fotograflari\/lefke-gezisi-10-11-2019\/\"  title='Lefke Gezisi \u2013 10.11.2019' ><\/a><\/div>[\/vc_column][\/vc_row]<\/p>\n<\/div>","protected":false},"excerpt":{"rendered":"<p>[vc_row wrap_container=&#8221;yes&#8221; el_class=&#8221;our-offices&#8221;][vc_column width=&#8221;1\/2&#8243; animation_delay=&#8221;200&#8243; animation_type=&#8221;fadeInLeft&#8221;][\/vc_column][vc_column width=&#8221;1\/2&#8243;][\/vc_column][\/vc_row][vc_row wrap_container=&#8221;yes&#8221; el_class=&#8221;our-offices&#8221;][vc_column width=&#8221;1\/2&#8243; animation_delay=&#8221;200&#8243; animation_type=&#8221;fadeInLeft&#8221;][\/vc_column][vc_column width=&#8221;1\/2&#8243;][\/vc_column][\/vc_row]<\/p>\n","protected":false},"author":1,"featured_media":0,"parent":3169,"menu_order":0,"comment_status":"closed","ping_status":"closed","template":"","meta":{"footnotes":""},"class_list":["post-3214","page","type-page","status-publish","hentry"],"_links":{"self":[{"href":"https:\/\/lefketurizm.org\/en\/wp-json\/wp\/v2\/pages\/3214","targetHints":{"allow":["GET"]}}],"collection":[{"href":"https:\/\/lefketurizm.org\/en\/wp-json\/wp\/v2\/pages"}],"about":[{"href":"https:\/\/lefketurizm.org\/en\/wp-json\/wp\/v2\/types\/page"}],"author":[{"embeddable":true,"href":"https:\/\/lefketurizm.org\/en\/wp-json\/wp\/v2\/users\/1"}],"replies":[{"embeddable":true,"href":"https:\/\/lefketurizm.org\/en\/wp-json\/wp\/v2\/comments?post=3214"}],"version-history":[{"count":2,"href":"https:\/\/lefketurizm.org\/en\/wp-json\/wp\/v2\/pages\/3214\/revisions"}],"predecessor-version":[{"id":3216,"href":"https:\/\/lefketurizm.org\/en\/wp-json\/wp\/v2\/pages\/3214\/revisions\/3216"}],"up":[{"embeddable":true,"href":"https:\/\/lefketurizm.org\/en\/wp-json\/wp\/v2\/pages\/3169"}],"wp:attachment":[{"href":"https:\/\/lefketurizm.org\/en\/wp-json\/wp\/v2\/media?parent=3214"}],"curies":[{"name":"wp","href":"https:\/\/api.w.org\/{rel}","templated":true}]}}