{"id":3211,"date":"2022-01-24T14:58:55","date_gmt":"2022-01-24T12:58:55","guid":{"rendered":"http:\/\/lefketurizm.org\/accommodation-and-restaurants\/"},"modified":"2022-01-24T14:58:56","modified_gmt":"2022-01-24T12:58:56","slug":"accommodation-and-restaurants","status":"publish","type":"page","link":"https:\/\/lefketurizm.org\/en\/accommodation-and-restaurants\/","title":{"rendered":"Accommodation and Restaurants"},"content":{"rendered":"<div class=\"wpb-content-wrapper\"><p>[vc_row][vc_column][vc_row_inner content_placement=&#8221;top&#8221; animation_delay=&#8221;750&#8243; el_class=&#8221;pb-2 mb-4 mb-lg-1 mb-xl-4&#8243; animation_type=&#8221;fadeInUp&#8221;][vc_column_inner width=&#8221;1\/2&#8243; offset=&#8221;vc_col-xs-12&#8243;]<div class=\"porto-sicon-box  wpb_custom_860683fe6d5975d7b2cff563f7366f5c style_1 default-icon flex-wrap\"><div class=\"porto-sicon-default\"><div class=\"porto-just-icon-wrapper porto-icon none\" style=\"font-size:32px;margin-right:8px;\"><i class=\"Simple-Line-Icons-home\"><\/i><\/div><\/div><div class=\"porto-sicon-header\"><p style=\"font-weight:700;font-size:14px;line-height:26px;color:#212529;\">Accommodation<\/p><\/div> <!-- header --><div class=\"porto-sicon-description\" style=\"\">\n<ul>\n<li><strong>Afrodit Holiday Resort<\/strong> \/ Kazivera<\/li>\n<li><strong>Ambelikou Guest House<\/strong> \/ Ambelikou<\/li>\n<li><strong>Ba\u011fl\u0131k\u00f6y Vineyard House<\/strong> \/ Ambelikou<\/li>\n<li><strong>Organic Farm<\/strong> \/ Limnitis<\/li>\n<li><strong>Soli Inn Hotel<\/strong> \/ Karavostasi<\/li>\n<li><strong>Vouni King Hotel<\/strong> \/ Limnitis<\/li>\n<\/ul>\n<p><\/div> <!-- description --><\/div><!-- porto-sicon-box -->[\/vc_column_inner][vc_column_inner width=&#8221;1\/2&#8243; offset=&#8221;vc_col-xs-12&#8243;]<div class=\"porto-sicon-box mb-0  wpb_custom_860683fe6d5975d7b2cff563f7366f5c style_1 default-icon flex-wrap\"><div class=\"porto-sicon-default\"><div class=\"porto-just-icon-wrapper porto-icon none\" style=\"font-size:32px;margin-right:8px;\"><i class=\"Simple-Line-Icons-cup\"><\/i><\/div><\/div><div class=\"porto-sicon-header\"><p style=\"font-weight:700;font-size:14px;line-height:26px;color:#212529;\">Restaurants & Cafes<\/p><\/div> <!-- header --><div class=\"porto-sicon-description\" style=\"\">\n<ul>\n<li><strong>Aletri<\/strong> \/ Ambelikou<\/li>\n<li><strong>Ambeli Village Boutique<\/strong> \/ Ambelikou<\/li>\n<li><strong>Argonya<\/strong> \/ Kazivera<\/li>\n<li><strong>Asmal\u0131 Plaj<\/strong> \/ Limnitis<\/li>\n<li><strong>Aspava<\/strong> \/ Potamos tou Kampou<\/li>\n<li><strong>\u00c7iftlik Evi<\/strong> \/ Kazivera<\/li>\n<li><strong>Dillirga<\/strong> \/ Limnitis<\/li>\n<li><strong>Karabet\u00e7a King Fish<\/strong> \/ Potamos tou Kampou<\/li>\n<li><strong>Mel &amp; Mer<\/strong> \/ Karavostasi<\/li>\n<li><strong>Swan of Soli<\/strong> \/ Potamos tou Kampou<\/li>\n<li><strong>Vouni King<\/strong> \/ Limnitis<\/li>\n<\/ul>\n<p><\/div> <!-- description --><\/div><!-- porto-sicon-box -->[\/vc_column_inner][\/vc_row_inner][\/vc_column][\/vc_row]<\/p>\n<\/div>","protected":false},"excerpt":{"rendered":"<p>[vc_row][vc_column][vc_row_inner content_placement=&#8221;top&#8221; animation_delay=&#8221;750&#8243; el_class=&#8221;pb-2 mb-4 mb-lg-1 mb-xl-4&#8243; animation_type=&#8221;fadeInUp&#8221;][vc_column_inner width=&#8221;1\/2&#8243; offset=&#8221;vc_col-xs-12&#8243;][\/vc_column_inner][vc_column_inner width=&#8221;1\/2&#8243; offset=&#8221;vc_col-xs-12&#8243;][\/vc_column_inner][\/vc_row_inner][\/vc_column][\/vc_row]<\/p>\n","protected":false},"author":1,"featured_media":0,"parent":0,"menu_order":0,"comment_status":"closed","ping_status":"closed","template":"","meta":{"footnotes":""},"class_list":["post-3211","page","type-page","status-publish","hentry"],"_links":{"self":[{"href":"https:\/\/lefketurizm.org\/en\/wp-json\/wp\/v2\/pages\/3211","targetHints":{"allow":["GET"]}}],"collection":[{"href":"https:\/\/lefketurizm.org\/en\/wp-json\/wp\/v2\/pages"}],"about":[{"href":"https:\/\/lefketurizm.org\/en\/wp-json\/wp\/v2\/types\/page"}],"author":[{"embeddable":true,"href":"https:\/\/lefketurizm.org\/en\/wp-json\/wp\/v2\/users\/1"}],"replies":[{"embeddable":true,"href":"https:\/\/lefketurizm.org\/en\/wp-json\/wp\/v2\/comments?post=3211"}],"version-history":[{"count":1,"href":"https:\/\/lefketurizm.org\/en\/wp-json\/wp\/v2\/pages\/3211\/revisions"}],"predecessor-version":[{"id":3212,"href":"https:\/\/lefketurizm.org\/en\/wp-json\/wp\/v2\/pages\/3211\/revisions\/3212"}],"wp:attachment":[{"href":"https:\/\/lefketurizm.org\/en\/wp-json\/wp\/v2\/media?parent=3211"}],"curies":[{"name":"wp","href":"https:\/\/api.w.org\/{rel}","templated":true}]}}